{"id":57,"date":"2022-07-14T12:49:00","date_gmt":"2022-07-14T12:49:00","guid":{"rendered":"https:\/\/rimah.uniri.hr\/?page_id=57"},"modified":"2025-02-12T08:15:56","modified_gmt":"2025-02-12T08:15:56","slug":"dokumenti","status":"publish","type":"page","link":"https:\/\/rimah.uniri.hr\/?page_id=57","title":{"rendered":"Stru\u010dna usavr\u0161avanja"},"content":{"rendered":"\n<p class=\"has-text-align-right has-medium-font-size\" style=\"letter-spacing:px\"><strong>Bottega del medievista: strumenti e metodi per lo studio del Mediterraneo <\/strong><\/p>\n\n\n\n<p class=\"has-text-align-right has-medium-font-size\" style=\"letter-spacing:px\"><strong>Scuola Superiore di Studi Medievali e Francescani<\/strong><\/p>\n\n\n\n<p>Suradnica Centra za istra\u017eivanje srednjovjekovne ba\u0161tine Jadrana izv. prof. dr. sc. Sa\u0161a Poto\u010dnjak s ciljem stjecanja dodatnih kompetencija te usvajanja novih specijalisti\u010dkih znanja u podru\u010dju medievistike (<a href=\"https:\/\/it.wikipedia.org\/wiki\/Medievistica\">Studi Medievali<\/a> \/ <a href=\"https:\/\/en.wikipedia.org\/wiki\/Medieval_studies\">Medieval Studies<\/a>) sudjeluje u programu usavr\u0161avanja pri Scuola Superiore di Studi Medievali e Francescani u Rimu te radionici-ciklusu stru\u010dnih seminara pod nazivom Bottega del Medievista. Strumenti e metodi per lo studio del Mediterraneo (2024\/2025).<\/p>\n\n\n\n<figure class=\"wp-block-image size-large\"><a href=\"https:\/\/rimah.uniri.hr\/wp-content\/uploads\/2024\/10\/448751270_888462563089667_6570094869889254258_n.jpg\"><img loading=\"lazy\" decoding=\"async\" width=\"819\" height=\"1024\" src=\"https:\/\/rimah.uniri.hr\/wp-content\/uploads\/2024\/10\/448751270_888462563089667_6570094869889254258_n-819x1024.jpg\" alt=\"\" class=\"wp-image-1255\" srcset=\"https:\/\/rimah.uniri.hr\/wp-content\/uploads\/2024\/10\/448751270_888462563089667_6570094869889254258_n-819x1024.jpg 819w, https:\/\/rimah.uniri.hr\/wp-content\/uploads\/2024\/10\/448751270_888462563089667_6570094869889254258_n-240x300.jpg 240w, https:\/\/rimah.uniri.hr\/wp-content\/uploads\/2024\/10\/448751270_888462563089667_6570094869889254258_n-768x960.jpg 768w, https:\/\/rimah.uniri.hr\/wp-content\/uploads\/2024\/10\/448751270_888462563089667_6570094869889254258_n.jpg 1080w\" sizes=\"auto, (max-width: 819px) 100vw, 819px\" \/><\/a><\/figure>\n\n\n\n<p class=\"has-text-align-right has-large-font-size\"><strong>ERASMUS +<\/strong><\/p>\n\n\n\n<p class=\"has-large-font-size\"><strong>Rimah u istra\u017eiva\u010dkom posjetu: hagiografsko-hagiolo\u0161ki trening u Francuskoj <\/strong><\/p>\n\n\n\n<p>Suradnica Centra za istra\u017eivanje srednjovjekovne ba\u0161tine Jadrana doc. dr. sc. Sa\u0161a Poto\u010dnjak provela je istra\u017eiva\u010dki trening u Francuskoj (ERASMUS +, Sorbonne Universit\u00e9), a u sklopu kojega je konzultirala srednjovjekovne kodekse u zbirkama Biblioth\u00e8que Nationale de France \u2013 Richelieu i Arsenal, pregledala rukopisnu ostav\u0161tinu M. Tadina (Institut d\u2019etudes Slaves), kodekse izlo\u017eene u Mus\u00e9e de Cluny, a posebnu je pozornost posvetila gradivu u Biblioth\u00e8que dioc\u00e9saine \u00e0 Chartres te hagiografskim podatcima koje je bilo mogu\u0107e prikupiti u \u00c9glise Saint-Pierre de Chartres, Cath\u00e9drale&nbsp;Notre-Dame&nbsp;de&nbsp;Chartres te M\u00e9diath\u00e8que L\u2019Apostrophe de Chartres.<\/p>\n\n\n\n<figure class=\"wp-block-image\"><a href=\"https:\/\/rimah.uniri.hr\/wp-content\/uploads\/2023\/03\/20230220_130942-scaled.jpg\"><img loading=\"lazy\" decoding=\"async\" width=\"768\" height=\"1024\" src=\"https:\/\/rimah.uniri.hr\/wp-content\/uploads\/2023\/03\/20230220_130942-768x1024.jpg\" alt=\"\" class=\"wp-image-582\" srcset=\"https:\/\/rimah.uniri.hr\/wp-content\/uploads\/2023\/03\/20230220_130942-768x1024.jpg 768w, https:\/\/rimah.uniri.hr\/wp-content\/uploads\/2023\/03\/20230220_130942-225x300.jpg 225w, https:\/\/rimah.uniri.hr\/wp-content\/uploads\/2023\/03\/20230220_130942-1152x1536.jpg 1152w, https:\/\/rimah.uniri.hr\/wp-content\/uploads\/2023\/03\/20230220_130942-1536x2048.jpg 1536w, https:\/\/rimah.uniri.hr\/wp-content\/uploads\/2023\/03\/20230220_130942-scaled.jpg 1920w\" sizes=\"auto, (max-width: 768px) 100vw, 768px\" \/><\/a><\/figure>\n\n\n\n<figure class=\"wp-block-image\"><a href=\"https:\/\/rimah.uniri.hr\/wp-content\/uploads\/2023\/03\/20230221_110249-scaled.jpg\"><img loading=\"lazy\" decoding=\"async\" width=\"768\" height=\"1024\" src=\"https:\/\/rimah.uniri.hr\/wp-content\/uploads\/2023\/03\/20230221_110249-768x1024.jpg\" alt=\"\" class=\"wp-image-583\" srcset=\"https:\/\/rimah.uniri.hr\/wp-content\/uploads\/2023\/03\/20230221_110249-768x1024.jpg 768w, https:\/\/rimah.uniri.hr\/wp-content\/uploads\/2023\/03\/20230221_110249-225x300.jpg 225w, https:\/\/rimah.uniri.hr\/wp-content\/uploads\/2023\/03\/20230221_110249-1152x1536.jpg 1152w, https:\/\/rimah.uniri.hr\/wp-content\/uploads\/2023\/03\/20230221_110249-1536x2048.jpg 1536w, https:\/\/rimah.uniri.hr\/wp-content\/uploads\/2023\/03\/20230221_110249-scaled.jpg 1920w\" sizes=\"auto, (max-width: 768px) 100vw, 768px\" \/><\/a><\/figure>\n\n\n\n<figure class=\"wp-block-image\"><a href=\"https:\/\/rimah.uniri.hr\/wp-content\/uploads\/2023\/03\/20230221_153727-scaled.jpg\"><img loading=\"lazy\" decoding=\"async\" width=\"768\" height=\"1024\" src=\"https:\/\/rimah.uniri.hr\/wp-content\/uploads\/2023\/03\/20230221_153727-768x1024.jpg\" alt=\"\" class=\"wp-image-588\" srcset=\"https:\/\/rimah.uniri.hr\/wp-content\/uploads\/2023\/03\/20230221_153727-768x1024.jpg 768w, https:\/\/rimah.uniri.hr\/wp-content\/uploads\/2023\/03\/20230221_153727-225x300.jpg 225w, https:\/\/rimah.uniri.hr\/wp-content\/uploads\/2023\/03\/20230221_153727-1152x1536.jpg 1152w, https:\/\/rimah.uniri.hr\/wp-content\/uploads\/2023\/03\/20230221_153727-1536x2048.jpg 1536w, https:\/\/rimah.uniri.hr\/wp-content\/uploads\/2023\/03\/20230221_153727-scaled.jpg 1920w\" sizes=\"auto, (max-width: 768px) 100vw, 768px\" \/><\/a><\/figure>\n\n\n\n<figure class=\"wp-block-image\"><a href=\"https:\/\/rimah.uniri.hr\/wp-content\/uploads\/2023\/03\/20230221_142104-scaled.jpg\"><img loading=\"lazy\" decoding=\"async\" width=\"1024\" height=\"768\" src=\"https:\/\/rimah.uniri.hr\/wp-content\/uploads\/2023\/03\/20230221_142104-1024x768.jpg\" alt=\"\" class=\"wp-image-584\" srcset=\"https:\/\/rimah.uniri.hr\/wp-content\/uploads\/2023\/03\/20230221_142104-1024x768.jpg 1024w, https:\/\/rimah.uniri.hr\/wp-content\/uploads\/2023\/03\/20230221_142104-300x225.jpg 300w, https:\/\/rimah.uniri.hr\/wp-content\/uploads\/2023\/03\/20230221_142104-768x576.jpg 768w, https:\/\/rimah.uniri.hr\/wp-content\/uploads\/2023\/03\/20230221_142104-1536x1152.jpg 1536w, https:\/\/rimah.uniri.hr\/wp-content\/uploads\/2023\/03\/20230221_142104-2048x1536.jpg 2048w\" sizes=\"auto, (max-width: 1024px) 100vw, 1024px\" \/><\/a><\/figure>\n\n\n\n<figure class=\"wp-block-image\"><a href=\"https:\/\/rimah.uniri.hr\/wp-content\/uploads\/2023\/03\/20230221_123654-scaled.jpg\"><img loading=\"lazy\" decoding=\"async\" width=\"768\" height=\"1024\" src=\"https:\/\/rimah.uniri.hr\/wp-content\/uploads\/2023\/03\/20230221_123654-768x1024.jpg\" alt=\"\" class=\"wp-image-591\" srcset=\"https:\/\/rimah.uniri.hr\/wp-content\/uploads\/2023\/03\/20230221_123654-768x1024.jpg 768w, https:\/\/rimah.uniri.hr\/wp-content\/uploads\/2023\/03\/20230221_123654-225x300.jpg 225w, https:\/\/rimah.uniri.hr\/wp-content\/uploads\/2023\/03\/20230221_123654-1152x1536.jpg 1152w, https:\/\/rimah.uniri.hr\/wp-content\/uploads\/2023\/03\/20230221_123654-1536x2048.jpg 1536w, https:\/\/rimah.uniri.hr\/wp-content\/uploads\/2023\/03\/20230221_123654-scaled.jpg 1920w\" sizes=\"auto, (max-width: 768px) 100vw, 768px\" \/><\/a><\/figure>\n\n\n\n<figure class=\"wp-block-image\"><a href=\"https:\/\/rimah.uniri.hr\/wp-content\/uploads\/2023\/03\/20230224_102953-scaled.jpg\"><img loading=\"lazy\" decoding=\"async\" width=\"768\" height=\"1024\" src=\"https:\/\/rimah.uniri.hr\/wp-content\/uploads\/2023\/03\/20230224_102953-768x1024.jpg\" alt=\"\" class=\"wp-image-585\" srcset=\"https:\/\/rimah.uniri.hr\/wp-content\/uploads\/2023\/03\/20230224_102953-768x1024.jpg 768w, https:\/\/rimah.uniri.hr\/wp-content\/uploads\/2023\/03\/20230224_102953-225x300.jpg 225w, https:\/\/rimah.uniri.hr\/wp-content\/uploads\/2023\/03\/20230224_102953-1152x1536.jpg 1152w, https:\/\/rimah.uniri.hr\/wp-content\/uploads\/2023\/03\/20230224_102953-1536x2048.jpg 1536w, https:\/\/rimah.uniri.hr\/wp-content\/uploads\/2023\/03\/20230224_102953-scaled.jpg 1920w\" sizes=\"auto, (max-width: 768px) 100vw, 768px\" \/><\/a><\/figure>\n\n\n\n<figure class=\"wp-block-image\"><a href=\"https:\/\/rimah.uniri.hr\/wp-content\/uploads\/2023\/03\/20230223_122732-scaled.jpg\"><img loading=\"lazy\" decoding=\"async\" width=\"768\" height=\"1024\" src=\"https:\/\/rimah.uniri.hr\/wp-content\/uploads\/2023\/03\/20230223_122732-768x1024.jpg\" alt=\"\" class=\"wp-image-586\" srcset=\"https:\/\/rimah.uniri.hr\/wp-content\/uploads\/2023\/03\/20230223_122732-768x1024.jpg 768w, https:\/\/rimah.uniri.hr\/wp-content\/uploads\/2023\/03\/20230223_122732-225x300.jpg 225w, https:\/\/rimah.uniri.hr\/wp-content\/uploads\/2023\/03\/20230223_122732-1152x1536.jpg 1152w, https:\/\/rimah.uniri.hr\/wp-content\/uploads\/2023\/03\/20230223_122732-1536x2048.jpg 1536w, https:\/\/rimah.uniri.hr\/wp-content\/uploads\/2023\/03\/20230223_122732-scaled.jpg 1920w\" sizes=\"auto, (max-width: 768px) 100vw, 768px\" \/><\/a><\/figure>\n\n\n\n<figure class=\"wp-block-image is-resized\"><a href=\"https:\/\/rimah.uniri.hr\/wp-content\/uploads\/2023\/03\/20230223_164244-scaled.jpg\"><img loading=\"lazy\" decoding=\"async\" width=\"1024\" height=\"768\" src=\"https:\/\/rimah.uniri.hr\/wp-content\/uploads\/2023\/03\/20230223_164244-1024x768.jpg\" alt=\"\" class=\"wp-image-587\" style=\"width:773px;height:580px\" srcset=\"https:\/\/rimah.uniri.hr\/wp-content\/uploads\/2023\/03\/20230223_164244-1024x768.jpg 1024w, https:\/\/rimah.uniri.hr\/wp-content\/uploads\/2023\/03\/20230223_164244-300x225.jpg 300w, https:\/\/rimah.uniri.hr\/wp-content\/uploads\/2023\/03\/20230223_164244-768x576.jpg 768w, https:\/\/rimah.uniri.hr\/wp-content\/uploads\/2023\/03\/20230223_164244-1536x1152.jpg 1536w, https:\/\/rimah.uniri.hr\/wp-content\/uploads\/2023\/03\/20230223_164244-2048x1536.jpg 2048w\" sizes=\"auto, (max-width: 1024px) 100vw, 1024px\" \/><\/a><\/figure>\n\n\n\n<figure class=\"wp-block-image\"><a href=\"https:\/\/rimah.uniri.hr\/wp-content\/uploads\/2023\/03\/20230225_152809-scaled.jpg\"><img loading=\"lazy\" decoding=\"async\" width=\"768\" height=\"1024\" src=\"https:\/\/rimah.uniri.hr\/wp-content\/uploads\/2023\/03\/20230225_152809-768x1024.jpg\" alt=\"\" class=\"wp-image-589\" srcset=\"https:\/\/rimah.uniri.hr\/wp-content\/uploads\/2023\/03\/20230225_152809-768x1024.jpg 768w, https:\/\/rimah.uniri.hr\/wp-content\/uploads\/2023\/03\/20230225_152809-225x300.jpg 225w, https:\/\/rimah.uniri.hr\/wp-content\/uploads\/2023\/03\/20230225_152809-1152x1536.jpg 1152w, https:\/\/rimah.uniri.hr\/wp-content\/uploads\/2023\/03\/20230225_152809-1536x2048.jpg 1536w, https:\/\/rimah.uniri.hr\/wp-content\/uploads\/2023\/03\/20230225_152809-scaled.jpg 1920w\" sizes=\"auto, (max-width: 768px) 100vw, 768px\" \/><\/a><\/figure>\n\n\n\n<p><\/p>\n\n\n\n<p class=\"has-text-align-center\"><strong>***<\/strong><\/p>\n\n\n\n<p class=\"has-text-align-right has-x-large-font-size\"><strong>ERASMUS +<\/strong><\/p>\n\n\n\n<h1 class=\"wp-block-heading has-x-large-font-size\">RiMah na Sveu\u010dili\u0161tu Sorbonne u Parizu<\/h1>\n\n\n\n<p>Suradnice Centra za istra\u017eivanje srednjovjekovne ba\u0161tine Jadrana doc. dr. sc. Barbara \u0160panjol-Pandelo, dr. sc. Palma Karkovi\u0107-Takali\u0107 i doc. dr. sc. Kosana Jovanovi\u0107, a u sklopu Erasmus + programa za nastavno osoblje, provele su stru\u010dno usavr\u0161avanje na Sveu\u010dili\u0161tu Sorbonne u Parizu. Ovom prigodom suradnice su se sastale s prodekanom prof. dr. sc. Fr\u00e9d\u00e9ricom Billietom koji ih je uputio u rad Sveu\u010dili\u0161ta te pojedinih sastavnica. Razgovor je bio usmjeren na daljnju suradnju. Tijekom stru\u010dnog usavr\u0161avanja provedena su i brojna istra\u017eivanja kako dostupnih materijala u knji\u017enicama (Biblioth\u00e8que de l\u2019Institut national d\u2019histoire de l\u2019art i Biblioth\u00e8que nationale de France), tako i brojnih lokaliteta s ciljem prou\u010davanja povijesno-kulturnih znamenitosti u Parizu i \u0161ire (Saint Denis, Chartres, Li\u00e9vin), a povezanih sa znanstvenim interesima suradnica.<\/p>\n\n\n\n<figure class=\"wp-block-image\"><a href=\"https:\/\/rimah.uniri.hr\/wp-content\/uploads\/2022\/12\/image-2.png\"><img loading=\"lazy\" decoding=\"async\" width=\"1024\" height=\"771\" src=\"https:\/\/rimah.uniri.hr\/wp-content\/uploads\/2022\/12\/image-2.png\" alt=\"\" class=\"wp-image-461\" srcset=\"https:\/\/rimah.uniri.hr\/wp-content\/uploads\/2022\/12\/image-2.png 1024w, https:\/\/rimah.uniri.hr\/wp-content\/uploads\/2022\/12\/image-2-300x226.png 300w, https:\/\/rimah.uniri.hr\/wp-content\/uploads\/2022\/12\/image-2-768x578.png 768w\" sizes=\"auto, (max-width: 1024px) 100vw, 1024px\" \/><\/a><\/figure>\n\n\n\n<p>S obzirom na istra\u017eivanja koja se provode u sklopu Centra za istra\u017eivanje srednjovjekovne ba\u0161tine Jadrana osobit je doprinos terensko istra\u017eivanje srednjovjekovne opatije Saint-P\u00e8re-en-Vall\u00e9e (<em>\u00c9glise Saint-Pierre de Chartres<\/em>) u Chartresu odnosno rekonstrukcija inskripcija iz 13. stolje\u0107a iz nekada\u0161nje opatije Saint-Vincent-aux-Bois u Chartresu.<\/p>\n\n\n\n<figure class=\"wp-block-image\"><a href=\"https:\/\/rimah.uniri.hr\/wp-content\/uploads\/2022\/12\/Chartres-sv-Kristofor.jpg\"><img loading=\"lazy\" decoding=\"async\" width=\"1024\" height=\"936\" src=\"https:\/\/rimah.uniri.hr\/wp-content\/uploads\/2022\/12\/Chartres-sv-Kristofor-1024x936.jpg\" alt=\"\" class=\"wp-image-462\" srcset=\"https:\/\/rimah.uniri.hr\/wp-content\/uploads\/2022\/12\/Chartres-sv-Kristofor-1024x936.jpg 1024w, https:\/\/rimah.uniri.hr\/wp-content\/uploads\/2022\/12\/Chartres-sv-Kristofor-300x274.jpg 300w, https:\/\/rimah.uniri.hr\/wp-content\/uploads\/2022\/12\/Chartres-sv-Kristofor-768x702.jpg 768w, https:\/\/rimah.uniri.hr\/wp-content\/uploads\/2022\/12\/Chartres-sv-Kristofor.jpg 1205w\" sizes=\"auto, (max-width: 1024px) 100vw, 1024px\" \/><\/a><\/figure>\n\n\n\n<p>O boravku suradnica tako\u0111er pod naslovom&nbsp;<strong>Voyage ERASMUS de quatre chercheuses de l\u2019Universit\u00e9 de RIjeka<\/strong>&nbsp;u biltenu<strong>&nbsp;Icono-STALLA Misericordia International Newsletter nr. 30 (d\u00e9cembre 2022)<\/strong>&nbsp;<a href=\"https:\/\/www.ru.nl\/rich\/networks\/misericordia-international\/\">https:\/\/www.ru.nl\/rich\/networks\/misericordia-international\/<\/a><\/p>\n\n\n\n<figure class=\"wp-block-image\"><a href=\"https:\/\/rimah.uniri.hr\/wp-content\/uploads\/2022\/12\/image-1.png\"><img loading=\"lazy\" decoding=\"async\" width=\"591\" height=\"358\" src=\"https:\/\/rimah.uniri.hr\/wp-content\/uploads\/2022\/12\/image-1.png\" alt=\"\" class=\"wp-image-460\" srcset=\"https:\/\/rimah.uniri.hr\/wp-content\/uploads\/2022\/12\/image-1.png 591w, https:\/\/rimah.uniri.hr\/wp-content\/uploads\/2022\/12\/image-1-300x182.png 300w\" sizes=\"auto, (max-width: 591px) 100vw, 591px\" \/><\/a><\/figure>\n\n\n\n<h2 class=\"wp-block-heading\"><\/h2>\n\n\n\n<p><\/p>\n","protected":false},"excerpt":{"rendered":"<p>Bottega del medievista: strumenti e metodi per lo studio del Mediterraneo Scuola Superiore di Studi Medievali e Francescani Suradnica Centra za istra\u017eivanje srednjovjekovne ba\u0161tine Jadrana izv. prof. dr. sc. Sa\u0161a Poto\u010dnjak s ciljem stjecanja dodatnih kompetencija te usvajanja novih specijalisti\u010dkih znanja u podru\u010dju medievistike (Studi Medievali \/ Medieval Studies) sudjeluje u programu usavr\u0161avanja pri Scuola<\/p>\n<div class=\"entry-read-more\"><span class=\"read-more\"><a href=\"https:\/\/rimah.uniri.hr\/?page_id=57\" class=\"more-link\">Read More&nbsp;<i class=\"fas fa-long-arrow-alt-right\"><\/i><\/a><\/span><\/div>\n<p><!-- entry-read-more --><\/p>\n","protected":false},"author":2,"featured_media":0,"parent":0,"menu_order":0,"comment_status":"closed","ping_status":"closed","template":"","meta":{"footnotes":""},"class_list":["post-57","page","type-page","status-publish","hentry"],"_links":{"self":[{"href":"https:\/\/rimah.uniri.hr\/index.php?rest_route=\/wp\/v2\/pages\/57","targetHints":{"allow":["GET"]}}],"collection":[{"href":"https:\/\/rimah.uniri.hr\/index.php?rest_route=\/wp\/v2\/pages"}],"about":[{"href":"https:\/\/rimah.uniri.hr\/index.php?rest_route=\/wp\/v2\/types\/page"}],"author":[{"embeddable":true,"href":"https:\/\/rimah.uniri.hr\/index.php?rest_route=\/wp\/v2\/users\/2"}],"replies":[{"embeddable":true,"href":"https:\/\/rimah.uniri.hr\/index.php?rest_route=%2Fwp%2Fv2%2Fcomments&post=57"}],"version-history":[{"count":8,"href":"https:\/\/rimah.uniri.hr\/index.php?rest_route=\/wp\/v2\/pages\/57\/revisions"}],"predecessor-version":[{"id":1301,"href":"https:\/\/rimah.uniri.hr\/index.php?rest_route=\/wp\/v2\/pages\/57\/revisions\/1301"}],"wp:attachment":[{"href":"https:\/\/rimah.uniri.hr\/index.php?rest_route=%2Fwp%2Fv2%2Fmedia&parent=57"}],"curies":[{"name":"wp","href":"https:\/\/api.w.org\/{rel}","templated":true}]}}