{"id":56,"date":"2022-07-14T12:49:00","date_gmt":"2022-07-14T12:49:00","guid":{"rendered":"https:\/\/rimah.uniri.hr\/?page_id=56"},"modified":"2022-07-21T09:56:01","modified_gmt":"2022-07-21T09:56:01","slug":"aktivnosti","status":"publish","type":"page","link":"https:\/\/rimah.uniri.hr\/?page_id=56","title":{"rendered":"Aktivnosti"},"content":{"rendered":"\n<pre class=\"wp-block-preformatted\">Op\u0107i je Plan rada Centra u skladu s ciljevima Centra i primjerima aktivnosti: \r\nCilj 1: provoditi znanstveno-istra\u017eiva\u010dki rad u podru\u010dju medievistike: \r\nsudjelovati na (doma\u0107im i stranim) medievisti\u010dkim konferencijama na kojima \u0107e se prezentirati i istra\u017eivanja nastala u okviru rada Centra (isticanjem afilijacije i logotipa),\r\nprijavljivati te sudjelovati na znanstveno-istra\u017eiva\u010dkim, stru\u010dnim te komercijalnim projektima,\r\nprovoditi terenska istra\u017eivanja srednjovjekovne ba\u0161tine Jadrana.\r\nCilj 2: osigurati transfer znanja: \r\nuspostaviti i razvijati (digitalne) baze podataka (oni koji koriste te podatke obavezni su citirati Centar). Pristup bazama bit \u0107e preko web stranica Centra.\r\nCilj 3: provoditi digitizaciju i digitalizaciju srednjovjekovne materijalne i nematerijalne ba\u0161tine Jadrana:\r\nprikupiti, obraditi i kartirati materijalnu i nematerijalnu ba\u0161tinu srednjovjekovnoga Jadrana uz pomo\u0107 razli\u010ditih digitalnih alata i metoda. \r\nCilj 4: poticati studentsku praksu i provoditi terensku nastavu s obzirom na stjecanje medievisti\u010dkih kompetencija u redovnom nastavnom procesu Fakulteta: \r\nprovoditi terensku nastavu organiziranjem terenske nastave za studente Filozofskog fakulteta u Rijeci,\r\nuklju\u010diti studente u rad Centra.\r\nCilj 5: povezivati i umre\u017eavati rezultate istra\u017eivanja srednjovjekovlja i suradnike medieviste,\r\npovezati se i umre\u017eiti (networking) sa sli\u010dnim me\u0111unarodnim centrima, znanstvenicima i istra\u017eiva\u010dkim mre\u017eama drugih sveu\u010dili\u0161ta i fakulteta kroz razli\u010dite vrste suradnje i aktivnosti. \r\nCilj 6: provoditi i programe stru\u010dnog usavr\u0161avanja kao i programe cjelo\u017eivotnog obrazovanja i usavr\u0161avanja koji se ti\u010du srednjovjekovne ba\u0161tine Jadrana,\r\nuspostaviti i razviti prepoznatljivu radionicu \/ \u0161kolu (workshop) Centra za stjecanje mikro-kvalifikacija (trening),\r\nsuradnja sa Sveu\u010dili\u0161tem za tre\u0107u dob. \r\nCilj 7: poticati stru\u010dno usavr\u0161avanje \u010dlanova i suradnika preko projektnih aktivnosti.\r\nuspostaviti specijaliziranu medievisti\u010dku knji\u017enicu. \r\nCilj 8: popularizirati medievisti\u010dka istra\u017eivanja kao dru\u0161tveno korisna istra\u017eivanja napose za lokalnu zajednicu:\r\norganizirati razli\u010dite doga\u0111aje kao \u0161to su primjerice Medieval caff\u00e8, okrugli stol, radionice, javna predavanja, terenska nastava, izlo\u017ebe i sl. te u njih uklju\u010diti studente, gra\u0111anstvo te sve razine u\u010denika, \r\nizraditi web stranice Centra te promovirati rad Centra na dru\u0161tvenim mre\u017eama,\r\npopularizirati povijesno-humanisti\u010dka istra\u017eivanja te materijalnu i nematerijalnu ba\u0161tinu kori\u0161tenjem digitalnih alata (Smart &amp; Open History), te uklju\u010diti zainteresiranu \u0161iru zajednicu u aktivnosti projekta (npr. crowdsourcing).\r\n\r\nGodi\u0161nji Plan aktivnosti Centra donosi Programsko vije\u0107e Centra i prati kalendarsku godinu.\r\n<\/pre>\n","protected":false},"excerpt":{"rendered":"<p>Op\u0107i je Plan rada Centra u skladu s ciljevima Centra i primjerima aktivnosti: Cilj 1: provoditi znanstveno-istra\u017eiva\u010dki rad u podru\u010dju medievistike: sudjelovati na (doma\u0107im i stranim) medievisti\u010dkim konferencijama na kojima \u0107e se prezentirati i istra\u017eivanja nastala u okviru rada Centra (isticanjem afilijacije i logotipa), prijavljivati te sudjelovati na znanstveno-istra\u017eiva\u010dkim, stru\u010dnim te komercijalnim projektima, provoditi terenska<\/p>\n<div class=\"entry-read-more\"><span class=\"read-more\"><a href=\"https:\/\/rimah.uniri.hr\/?page_id=56\" class=\"more-link\">Read More&nbsp;<i class=\"fas fa-long-arrow-alt-right\"><\/i><\/a><\/span><\/div>\n<p><!-- entry-read-more --><\/p>\n","protected":false},"author":2,"featured_media":0,"parent":0,"menu_order":0,"comment_status":"closed","ping_status":"closed","template":"","meta":{"footnotes":""},"class_list":["post-56","page","type-page","status-publish","hentry"],"_links":{"self":[{"href":"https:\/\/rimah.uniri.hr\/index.php?rest_route=\/wp\/v2\/pages\/56","targetHints":{"allow":["GET"]}}],"collection":[{"href":"https:\/\/rimah.uniri.hr\/index.php?rest_route=\/wp\/v2\/pages"}],"about":[{"href":"https:\/\/rimah.uniri.hr\/index.php?rest_route=\/wp\/v2\/types\/page"}],"author":[{"embeddable":true,"href":"https:\/\/rimah.uniri.hr\/index.php?rest_route=\/wp\/v2\/users\/2"}],"replies":[{"embeddable":true,"href":"https:\/\/rimah.uniri.hr\/index.php?rest_route=%2Fwp%2Fv2%2Fcomments&post=56"}],"version-history":[{"count":2,"href":"https:\/\/rimah.uniri.hr\/index.php?rest_route=\/wp\/v2\/pages\/56\/revisions"}],"predecessor-version":[{"id":113,"href":"https:\/\/rimah.uniri.hr\/index.php?rest_route=\/wp\/v2\/pages\/56\/revisions\/113"}],"wp:attachment":[{"href":"https:\/\/rimah.uniri.hr\/index.php?rest_route=%2Fwp%2Fv2%2Fmedia&parent=56"}],"curies":[{"name":"wp","href":"https:\/\/api.w.org\/{rel}","templated":true}]}}