{"id":55,"date":"2022-07-14T12:49:00","date_gmt":"2022-07-14T12:49:00","guid":{"rendered":"https:\/\/rimah.uniri.hr\/?page_id=55"},"modified":"2022-08-30T07:23:36","modified_gmt":"2022-08-30T07:23:36","slug":"o-centru","status":"publish","type":"page","link":"https:\/\/rimah.uniri.hr\/?page_id=55","title":{"rendered":"O Centru"},"content":{"rendered":"<div class=\"wp-block-image\">\n<figure class=\"aligncenter size-full is-resized\"><a href=\"http:\/\/rimah.uniri.hr\/wp-content\/uploads\/2022\/08\/Rimah-2208-mustard-yellow-OUTLINES-1.png\"><img loading=\"lazy\" decoding=\"async\" src=\"http:\/\/rimah.uniri.hr\/wp-content\/uploads\/2022\/08\/Rimah-2208-mustard-yellow-OUTLINES-1.png\" alt=\"\" class=\"wp-image-255\" width=\"105\" height=\"116\" srcset=\"https:\/\/rimah.uniri.hr\/wp-content\/uploads\/2022\/08\/Rimah-2208-mustard-yellow-OUTLINES-1.png 505w, https:\/\/rimah.uniri.hr\/wp-content\/uploads\/2022\/08\/Rimah-2208-mustard-yellow-OUTLINES-1-272x300.png 272w\" sizes=\"auto, (max-width: 105px) 100vw, 105px\" \/><\/a><\/figure><\/div>\n\n\n<pre class=\"wp-block-preformatted has-black-color has-white-background-color has-text-color has-background\">U Centru se provode znanstveno-istra\u017eiva\u010dke i edukativne aktivnosti u podru\u010dju medievistike koje su usmjerene na transdisciplinarno istra\u017eivanje srednjovjekovnog Jadrana, kao i aktivnosti digitizacije te digitalizacije pri \u010demu se opisuju, analiziraju, prezentiraju i revaloriziraju fenomeni iz kulturne povijesti, rukopisnih studija (kodikologije, paleografije i fragmentologije), hagiografije i likovnih umjetnosti na prostoru srednjovjekovnog Jadrana.  \n\nDjelatnosti Centra usmjerene su na razvoj i provo\u0111enje razli\u010ditih programa i projekata prvenstveno u istra\u017eivanju materijalne i nematerijalne kulturne ba\u0161tine srednjovjekovnoga Jadrana kao i rekonstrukcija, prezervacija, prezentacija i revalorizacija i to razli\u010ditim inovativnim metodama i suvremenim tehnologijama srednjovjekovnih (povijesno-kulturno-umjetni\u010dkih i sociolo\u0161kih) fenomena na prostoru Jadrana. \n\nIdeja je vrhunskim povijesno-humanisti\u010dkim istra\u017eivanjima tzv. horizontalnih tema na prostoru i u dru\u0161tvu srednjovjekovnoga Jadrana (kao \u0161to su rodna ravnopravnost, ljudska prava, dru\u0161tvena odgovornost, identitet itd.) ispitati pro\u0161lost kako bi se kriti\u010dki propitala sada\u0161njost, a za dobrobit gra\u0111ana (u) budu\u0107nosti. \n\nCiljevi su djelovanja RiMAH-a: \n\nprovoditi znanstveno-istra\u017eiva\u010dki rad u podru\u010dju medievistike,  \nosigurati transfer znanja kroz stvaranje baza znanja, \nprovoditi digitizaciju i digitalizaciju srednjovjekovne materijalne i nematerijalne ba\u0161tine Jadrana, \npoticati studentsku praksu te provoditi terensku nastavu s obzirom na stjecanje medievisti\u010dkih kompetencija u redovnom nastavnom procesu Fakulteta, \npovezivati i umre\u017eavati rezultate istra\u017eivanja srednjovjekovlja i suradnike medieviste, \nprovoditi programe stru\u010dnog usavr\u0161avanja kao i programe cjelo\u017eivotnog obrazovanja i usavr\u0161avanja koji se ti\u010du srednjovjekovne ba\u0161tine Jadrana, \npoticati stru\u010dno usavr\u0161avanje \u010dlanova i suradnika preko projektnih aktivnosti, \npopularizirati medievisti\u010dka istra\u017eivanja kao dru\u0161tveno korisna istra\u017eivanja napose za lokalnu zajednicu. <\/pre>\n\n\n\n<p><\/p>\n","protected":false},"excerpt":{"rendered":"<p>U Centru se provode znanstveno-istra\u017eiva\u010dke i edukativne aktivnosti u podru\u010dju medievistike koje su usmjerene na transdisciplinarno istra\u017eivanje srednjovjekovnog Jadrana, kao i aktivnosti digitizacije te digitalizacije pri \u010demu se opisuju, analiziraju, prezentiraju i revaloriziraju fenomeni iz kulturne povijesti, rukopisnih studija (kodikologije, paleografije i fragmentologije), hagiografije i likovnih umjetnosti na prostoru srednjovjekovnog Jadrana. Djelatnosti Centra usmjerene su<\/p>\n<div class=\"entry-read-more\"><span class=\"read-more\"><a href=\"https:\/\/rimah.uniri.hr\/?page_id=55\" class=\"more-link\">Read More&nbsp;<i class=\"fas fa-long-arrow-alt-right\"><\/i><\/a><\/span><\/div>\n<p><!-- entry-read-more --><\/p>\n","protected":false},"author":2,"featured_media":0,"parent":0,"menu_order":0,"comment_status":"closed","ping_status":"closed","template":"","meta":{"footnotes":""},"class_list":["post-55","page","type-page","status-publish","hentry"],"_links":{"self":[{"href":"https:\/\/rimah.uniri.hr\/index.php?rest_route=\/wp\/v2\/pages\/55","targetHints":{"allow":["GET"]}}],"collection":[{"href":"https:\/\/rimah.uniri.hr\/index.php?rest_route=\/wp\/v2\/pages"}],"about":[{"href":"https:\/\/rimah.uniri.hr\/index.php?rest_route=\/wp\/v2\/types\/page"}],"author":[{"embeddable":true,"href":"https:\/\/rimah.uniri.hr\/index.php?rest_route=\/wp\/v2\/users\/2"}],"replies":[{"embeddable":true,"href":"https:\/\/rimah.uniri.hr\/index.php?rest_route=%2Fwp%2Fv2%2Fcomments&post=55"}],"version-history":[{"count":5,"href":"https:\/\/rimah.uniri.hr\/index.php?rest_route=\/wp\/v2\/pages\/55\/revisions"}],"predecessor-version":[{"id":256,"href":"https:\/\/rimah.uniri.hr\/index.php?rest_route=\/wp\/v2\/pages\/55\/revisions\/256"}],"wp:attachment":[{"href":"https:\/\/rimah.uniri.hr\/index.php?rest_route=%2Fwp%2Fv2%2Fmedia&parent=55"}],"curies":[{"name":"wp","href":"https:\/\/api.w.org\/{rel}","templated":true}]}}