{"id":167,"date":"2022-08-05T11:59:11","date_gmt":"2022-08-05T11:59:11","guid":{"rendered":"https:\/\/rimah.uniri.hr\/?page_id=167"},"modified":"2025-02-12T08:20:26","modified_gmt":"2025-02-12T08:20:26","slug":"istrazivacki-boravci","status":"publish","type":"page","link":"https:\/\/rimah.uniri.hr\/?page_id=167","title":{"rendered":"Istra\u017eiva\u010dki boravci"},"content":{"rendered":"\n<p class=\"has-text-align-center\"><mark style=\"background-color:rgba(0, 0, 0, 0)\" class=\"has-inline-color has-vivid-green-cyan-color\"><strong>ISTRA\u017dIVA\u010cKI BORAVCI 2025.<\/strong><\/mark><\/p>\n\n\n\n<p>U izradi&#8230;<\/p>\n\n\n\n<p class=\"has-text-align-center\"><mark style=\"background-color:rgba(0, 0, 0, 0)\" class=\"has-inline-color has-vivid-green-cyan-color\"><strong>ISTRA\u017dIVA\u010cKI BORAVCI 2024.<\/strong><\/mark><\/p>\n\n\n\n<p>U izradi&#8230;<\/p>\n\n\n\n<p class=\"has-text-align-center has-x-large-font-size\"><mark style=\"background-color:rgba(0, 0, 0, 0)\" class=\"has-inline-color has-vivid-green-cyan-color\"><strong>ISTRA\u017dIVA\u010cKI BORAVCI 2023.<\/strong><\/mark><\/p>\n\n\n\n<p class=\"has-text-align-right\"><strong>Zadar<\/strong><\/p>\n\n\n\n<p>Suradnica Centra za istra\u017eivanje srednjovjekovne ba\u0161tine Jadrana doc. dr. sc. Sa\u0161a Poto\u010dnjak u kolovozu 2023. godine provela je kra\u0107e arhivsko istra\u017eivanje u DA u Zadru te u Znanstvenoj knji\u017enici u Zadru. Istra\u017eivanje je obuhvatilo pergamene rapskoga sanktuarija koje se \u010duvaju me\u0111u pergamenama fonda samostana sv. Kr\u0161evana u Zadru. <\/p>\n\n\n<div class=\"wp-block-image\">\n<figure class=\"aligncenter size-large is-resized\"><a href=\"https:\/\/rimah.uniri.hr\/wp-content\/uploads\/2023\/09\/IMG_20230802_160143267-scaled.jpg\"><img loading=\"lazy\" decoding=\"async\" width=\"771\" height=\"1024\" src=\"https:\/\/rimah.uniri.hr\/wp-content\/uploads\/2023\/09\/IMG_20230802_160143267-771x1024.jpg\" alt=\"\" class=\"wp-image-1038\" style=\"width:537px;height:713px\" srcset=\"https:\/\/rimah.uniri.hr\/wp-content\/uploads\/2023\/09\/IMG_20230802_160143267-771x1024.jpg 771w, https:\/\/rimah.uniri.hr\/wp-content\/uploads\/2023\/09\/IMG_20230802_160143267-226x300.jpg 226w, https:\/\/rimah.uniri.hr\/wp-content\/uploads\/2023\/09\/IMG_20230802_160143267-768x1020.jpg 768w, https:\/\/rimah.uniri.hr\/wp-content\/uploads\/2023\/09\/IMG_20230802_160143267-1157x1536.jpg 1157w, https:\/\/rimah.uniri.hr\/wp-content\/uploads\/2023\/09\/IMG_20230802_160143267-1542x2048.jpg 1542w, https:\/\/rimah.uniri.hr\/wp-content\/uploads\/2023\/09\/IMG_20230802_160143267-scaled.jpg 1928w\" sizes=\"auto, (max-width: 771px) 100vw, 771px\" \/><\/a><\/figure><\/div>\n\n\n<p><\/p>\n\n\n\n<p class=\"has-text-align-right\"><strong>Be\u010d<\/strong><\/p>\n\n\n\n<p>Doc. dr. sc. Sa\u0161a Poto\u010dnjak (Sveu\u010dili\u0161te u Rijeci, Filozofski fakultet u Rijeci), \u010dlanica istra\u017eiva\u010dke grupe u svrhu je istra\u017eivanja (HRZZ IP-2020-02-5611 Predmoderna hrvatska knji\u017eevnost u europskoj kulturi: kontakti i transferi (Econtra) i Lik \u017eene i \u017eene autorice u predmodernom interkulturnom kontekstu Filozofskoga fakulteta Sveu\u010dili\u0161ta u Zagrebu) boravila u Be\u010du od 25. do 28. travnja 2023. godine. U navedenom vremenskom razdoblju suradnica je istra\u017eivala arhivsko gradivo pohranjeno u <strong>Forschersaal Zentralarchiv (<\/strong>Nottendorfer Gasse 2)&nbsp; te u <strong>Haus-, Hof- und Staatsarchiv (<\/strong>Minoritenplatz 1).<\/p>\n\n\n<div class=\"wp-block-image\">\n<figure class=\"aligncenter size-large is-resized\"><a href=\"https:\/\/rimah.uniri.hr\/wp-content\/uploads\/2023\/09\/IMG_20230426_142550118-scaled.jpg\"><img loading=\"lazy\" decoding=\"async\" width=\"1024\" height=\"771\" src=\"https:\/\/rimah.uniri.hr\/wp-content\/uploads\/2023\/09\/IMG_20230426_142550118-1024x771.jpg\" alt=\"\" class=\"wp-image-1039\" style=\"width:742px;height:559px\" srcset=\"https:\/\/rimah.uniri.hr\/wp-content\/uploads\/2023\/09\/IMG_20230426_142550118-1024x771.jpg 1024w, https:\/\/rimah.uniri.hr\/wp-content\/uploads\/2023\/09\/IMG_20230426_142550118-300x226.jpg 300w, https:\/\/rimah.uniri.hr\/wp-content\/uploads\/2023\/09\/IMG_20230426_142550118-768x578.jpg 768w, https:\/\/rimah.uniri.hr\/wp-content\/uploads\/2023\/09\/IMG_20230426_142550118-1536x1157.jpg 1536w, https:\/\/rimah.uniri.hr\/wp-content\/uploads\/2023\/09\/IMG_20230426_142550118-2048x1542.jpg 2048w\" sizes=\"auto, (max-width: 1024px) 100vw, 1024px\" \/><\/a><\/figure><\/div>\n\n\n<p><\/p>\n\n\n\n<p class=\"has-text-align-right\"><strong>Cres<\/strong><\/p>\n\n\n\n<p>Suradnice Centra za istra\u017eivanje srednjovjekovne ba\u0161tine Jadrana dr. sc. Petra Predoevi\u0107 Zadkovi\u0107 i doc. dr. sc. Sa\u0161a Poto\u010dnjak u travnju 2023. godine provele su arhivsko istra\u017eivanje u kaptolskom arhivu \u017eupne crkve sv. Marije u Cresu. Istra\u017eivanje je obuhvatilo arhivsko gradivo 17. i 18. st. te sa\u010duvane liturgijske knjige iz 16. st.<\/p>\n\n\n<div class=\"wp-block-image\">\n<figure class=\"aligncenter size-large is-resized\"><a href=\"https:\/\/rimah.uniri.hr\/wp-content\/uploads\/2023\/09\/IMG_20230412_114911475-scaled.jpg\"><img loading=\"lazy\" decoding=\"async\" width=\"771\" height=\"1024\" src=\"https:\/\/rimah.uniri.hr\/wp-content\/uploads\/2023\/09\/IMG_20230412_114911475-771x1024.jpg\" alt=\"\" class=\"wp-image-1037\" style=\"width:456px;height:605px\" srcset=\"https:\/\/rimah.uniri.hr\/wp-content\/uploads\/2023\/09\/IMG_20230412_114911475-771x1024.jpg 771w, https:\/\/rimah.uniri.hr\/wp-content\/uploads\/2023\/09\/IMG_20230412_114911475-226x300.jpg 226w, https:\/\/rimah.uniri.hr\/wp-content\/uploads\/2023\/09\/IMG_20230412_114911475-768x1020.jpg 768w, https:\/\/rimah.uniri.hr\/wp-content\/uploads\/2023\/09\/IMG_20230412_114911475-1157x1536.jpg 1157w, https:\/\/rimah.uniri.hr\/wp-content\/uploads\/2023\/09\/IMG_20230412_114911475-1542x2048.jpg 1542w, https:\/\/rimah.uniri.hr\/wp-content\/uploads\/2023\/09\/IMG_20230412_114911475-scaled.jpg 1928w\" sizes=\"auto, (max-width: 771px) 100vw, 771px\" \/><\/a><\/figure><\/div>\n\n\n<p><\/p>\n\n\n\n<p><\/p>\n\n\n\n<p><\/p>\n\n\n\n<figure class=\"wp-block-pullquote\"><blockquote><p>ISTRA\u017dIVA\u010cKI BORAVCI 2022.<\/p><\/blockquote><\/figure>\n\n\n\n<h4 class=\"wp-block-heading has-text-align-right\">Venecija<\/h4>\n\n\n\n<pre class=\"wp-block-code\"><code>\u010clanica je Centra za istra\u017eivanje srednjovjekovne ba\u0161tine Jadrana doc. dr. sc. Sa\u0161a Poto\u010dnjak provela kra\u0107e terensko istra\u017eivanje u Veneciji od 27. do 30. studenoga 2022. godine. Istra\u017eivanje je obuhvatilo rukopisne kodekse koji se nalaze u BN Marciana te odabrane arhivske fondove u Archivio di Stato di Venezia.<\/code><\/pre>\n\n\n\n<div class=\"wp-block-group\"><div class=\"wp-block-group__inner-container is-layout-flow wp-block-group-is-layout-flow\"><\/div><\/div>\n\n\n\n<div class=\"wp-block-columns is-layout-flex wp-container-core-columns-is-layout-9d6595d7 wp-block-columns-is-layout-flex\">\n<div class=\"wp-block-column is-layout-flow wp-block-column-is-layout-flow\">\n<div class=\"wp-block-columns is-layout-flex wp-container-core-columns-is-layout-9d6595d7 wp-block-columns-is-layout-flex\">\n<div class=\"wp-block-column is-layout-flow wp-block-column-is-layout-flow\">\n<figure class=\"wp-block-image size-large is-resized\"><a href=\"https:\/\/rimah.uniri.hr\/wp-content\/uploads\/2023\/01\/20221129_083659-scaled.jpg\"><img loading=\"lazy\" decoding=\"async\" width=\"1024\" height=\"768\" src=\"https:\/\/rimah.uniri.hr\/wp-content\/uploads\/2023\/01\/20221129_083659-1024x768.jpg\" alt=\"\" class=\"wp-image-504\" style=\"width:836px;height:627px\" srcset=\"https:\/\/rimah.uniri.hr\/wp-content\/uploads\/2023\/01\/20221129_083659-1024x768.jpg 1024w, https:\/\/rimah.uniri.hr\/wp-content\/uploads\/2023\/01\/20221129_083659-300x225.jpg 300w, https:\/\/rimah.uniri.hr\/wp-content\/uploads\/2023\/01\/20221129_083659-768x576.jpg 768w, https:\/\/rimah.uniri.hr\/wp-content\/uploads\/2023\/01\/20221129_083659-1536x1152.jpg 1536w, https:\/\/rimah.uniri.hr\/wp-content\/uploads\/2023\/01\/20221129_083659-2048x1536.jpg 2048w\" sizes=\"auto, (max-width: 1024px) 100vw, 1024px\" \/><\/a><\/figure>\n<\/div>\n<\/div>\n<\/div>\n<\/div>\n\n\n\n<h4 class=\"wp-block-heading has-text-align-right\">Rab<\/h4>\n\n\n\n<pre class=\"wp-block-preformatted\">\u010clanice Centra za istra\u017eivanje srednjovjekovne ba\u0161tine Jadrana doc. dr. sc. Barbara \u0160panjol - Pandelo i doc. dr. sc. Sa\u0161a Poto\u010dnjak provode kontinuirana istra\u017eivanja srednjovjekovne ba\u0161tine nekada\u0161nje Rapske biskupije i komune. Tijekom kolovoza 2022. godine provele su istra\u017eivanja pisane i umjetni\u010dke ba\u0161tine Sakralne zbirke nekada\u0161nje Rapske biskupije. Istra\u017eivanje se nastavilo do studenoga 2022.<\/pre>\n\n\n\n<hr class=\"wp-block-separator has-alpha-channel-opacity\"\/>\n\n\n\n<h4 class=\"wp-block-heading has-text-align-right\">Oxford<\/h4>\n\n\n\n<pre class=\"wp-block-preformatted\">\u010clanice su Centra za istra\u017eivanje srednjovjekovne ba\u0161tine Jadrana doc. dr. sc. Barbara \u0160panjol - Pandelo i doc. dr. sc. Sa\u0161a Poto\u010dnjak (u okviru projekta Lik \u017eene i \u017eene autorice u predmodernom interkulturnom kontekstu Filozofskoga fakulteta Sveu\u010dili\u0161ta u Zagrebu) od 8. do 14. srpnja 2022. provele istra\u017eiva\u010dki boravak u Oxfordu istra\u017euju\u0107i rukopise i kodekse: Medieval Manuscripts in Oxford Libraries \/ Special Collections \u2013 Western manuscripts at the Bodleian Libraries and selected Oxford colleges. \n\n<\/pre>\n\n\n\n<figure class=\"wp-block-image is-resized\"><img loading=\"lazy\" decoding=\"async\" width=\"768\" height=\"1024\" src=\"https:\/\/rimah.uniri.hr\/wp-content\/uploads\/2022\/08\/Ulaz-u-Bodleian-old-Library_za-web-768x1024.jpg\" alt=\"\" class=\"wp-image-233\" style=\"width:818px;height:1091px\" srcset=\"https:\/\/rimah.uniri.hr\/wp-content\/uploads\/2022\/08\/Ulaz-u-Bodleian-old-Library_za-web-768x1024.jpg 768w, https:\/\/rimah.uniri.hr\/wp-content\/uploads\/2022\/08\/Ulaz-u-Bodleian-old-Library_za-web-225x300.jpg 225w, https:\/\/rimah.uniri.hr\/wp-content\/uploads\/2022\/08\/Ulaz-u-Bodleian-old-Library_za-web-1152x1536.jpg 1152w, https:\/\/rimah.uniri.hr\/wp-content\/uploads\/2022\/08\/Ulaz-u-Bodleian-old-Library_za-web-1536x2048.jpg 1536w, https:\/\/rimah.uniri.hr\/wp-content\/uploads\/2022\/08\/Ulaz-u-Bodleian-old-Library_za-web-scaled.jpg 1920w\" sizes=\"auto, (max-width: 768px) 100vw, 768px\" \/><\/figure>\n\n\n\n<hr class=\"wp-block-separator has-alpha-channel-opacity\"\/>\n\n\n\n<h4 class=\"wp-block-heading has-text-align-right\">York &#8211; Manchester<\/h4>\n\n\n\n<pre class=\"wp-block-preformatted\">\u010clanice su Centra za istra\u017eivanje srednjovjekovne ba\u0161tine Jadrana doc. dr. sc. Kosana Jovanovi\u0107, doc. dr. sc. Barbara \u0160panjol - Pandelo i doc. dr. sc. Sa\u0161a Poto\u010dnjak u srpnju 2022. provele kra\u0107i istra\u017eiva\u010dki posjet York Minster Abbey  (York, UK) te The John Rylands Library (Manchester, UK).\n<\/pre>\n\n\n\n<hr class=\"wp-block-separator has-alpha-channel-opacity\"\/>\n\n\n\n<h4 class=\"wp-block-heading has-text-align-right\">Rijeka<\/h4>\n\n\n\n<pre class=\"wp-block-preformatted\">\u010clanica je Centra za istra\u017eivanje srednjovjekovne ba\u0161tine Jadrana doc. dr. sc. Sa\u0161a Poto\u010dnjak u okviru HRZZ projekta IP-2020-02-5611 Predmoderna hrvatska knji\u017eevnost u europskoj kulturi: kontakti i transferi (Filozofski fakultet Sveu\u010dili\u0161ta u Zagrebu) sudjelovala 24. i 25. o\u017eujka 2022. godine na konferenciji La cultura italiana a Fiume: risvolti linguistici, letterari e storici u organizaciji Odsjeka za talijanistiku Filozofskoga fakulteta Sveu\u010dili\u0161ta u Rijeci i Societ\u00e0 di Studi Fiumani iz Rima. Rad je izlo\u017een pod naslovom La ricerca della storia culturale-letteraria di Fiume dal Basso Medioevo al \u2018700: storiografia, testi e autori. Istra\u017eivanjem je za ovo izlaganje obuhva\u0107eno odabrano arhivsko gradivo koje se nalazi u Dr\u017eavnom arhivu u Rijeci, Hrvatskom dr\u017eavnom arhivu u Zagrebu te nekoliko rijetkih predmodernih knjiga Sveu\u010dili\u0161ne knji\u017enice u Rijeci (Biblioteca Civica). Suradnica je istra\u017eila i rukopise te stare i rijetke knjige koje se \u010duvaju u Sakralnoj zbirci Katedrale sv. Vida u Rijeci. Znanstvenoj je javnosti u sklopu izlaganja predstavljen i rukopis Responsoriorum et aliorum cantuum, quos cantare solent F. F. eremitae in processionibus totius anni per claustrum fieri solitis iz 1642. scriptus a F. P. Simpliciano Blasio Ord: E. S. P. Augustini, ali i neke druge slabije poznate ili te\u0161ko dostupne knjige bratov\u0161tina na latinskom, talijanskom i hrvatskom jeziku (Album sodalitatis Agoniae Crucifixi Iesu Christi; Mariale; Libro della Venerabile Congregatione delli Dolori della Madonna; Bra\u0161no duhovno). <\/pre>\n\n\n\n<hr class=\"wp-block-separator has-alpha-channel-opacity\"\/>\n\n\n\n<h4 class=\"wp-block-heading has-text-align-right\">Padova<\/h4>\n\n\n\n<pre class=\"wp-block-preformatted\">\u010clanica je Centra za istra\u017eivanje srednjovjekovne ba\u0161tine Jadrana doc. dr. sc. Sa\u0161a Poto\u010dnjak u okviru HRZZ projekta IP-2020-02-5611 Predmoderna hrvatska knji\u017eevnost u europskoj kulturi: kontakti i transferi (Filozofski fakultet Sveu\u010dili\u0161ta u Zagrebu) u periodu od 20. do 26. velja\u010de 2022. godine provela istra\u017eivanje arhivskoga gradiva, rukopisa i kodeksa u Padovi u Archivio Antico (Palazzo Bo) \u2013 Archivio antico della Universit\u00e0: vol. 242, vol. 301, vol. 302, vol. 324, vol. 423, vol. 425, vol. 489, vol. 571, vol. 609, vol. 212, u Biblioteca Universitaria di Padova (Manoscritti e rari) \u2013 Ms. 20, Mss. 43, Mss. 263, Mss. 2224, Mss. 1673, Mss. 20, Ms 1091, Ms 1127, Ms. 1060 te u Biblioteca di Scienze dell\u2019Antichit\u00e0 Arte Musica Liviano Sveu\u010dili\u0161ta u Padovi. <\/pre>\n\n\n\n<figure class=\"wp-block-image size-large is-resized\"><a href=\"https:\/\/rimah.uniri.hr\/wp-content\/uploads\/2022\/08\/20211208_133039-scaled.jpg\"><img loading=\"lazy\" decoding=\"async\" width=\"1920\" height=\"2560\" src=\"https:\/\/rimah.uniri.hr\/wp-content\/uploads\/2022\/08\/20211208_133039-edited-scaled.jpg\" alt=\"\" class=\"wp-image-235\" style=\"width:839px;height:1118px\" srcset=\"https:\/\/rimah.uniri.hr\/wp-content\/uploads\/2022\/08\/20211208_133039-edited-scaled.jpg 1920w, https:\/\/rimah.uniri.hr\/wp-content\/uploads\/2022\/08\/20211208_133039-edited-225x300.jpg 225w, https:\/\/rimah.uniri.hr\/wp-content\/uploads\/2022\/08\/20211208_133039-edited-768x1024.jpg 768w, https:\/\/rimah.uniri.hr\/wp-content\/uploads\/2022\/08\/20211208_133039-edited-1152x1536.jpg 1152w, https:\/\/rimah.uniri.hr\/wp-content\/uploads\/2022\/08\/20211208_133039-edited-1536x2048.jpg 1536w\" sizes=\"auto, (max-width: 1920px) 100vw, 1920px\" \/><\/a><figcaption class=\"wp-element-caption\"><em>La Capella degli Scrovegni<\/em>, Padova, Italija<\/figcaption><\/figure>\n","protected":false},"excerpt":{"rendered":"<p>ISTRA\u017dIVA\u010cKI BORAVCI 2025. U izradi&#8230; ISTRA\u017dIVA\u010cKI BORAVCI 2024. U izradi&#8230; ISTRA\u017dIVA\u010cKI BORAVCI 2023. Zadar Suradnica Centra za istra\u017eivanje srednjovjekovne ba\u0161tine Jadrana doc. dr. sc. Sa\u0161a Poto\u010dnjak u kolovozu 2023. godine provela je kra\u0107e arhivsko istra\u017eivanje u DA u Zadru te u Znanstvenoj knji\u017enici u Zadru. Istra\u017eivanje je obuhvatilo pergamene rapskoga sanktuarija koje se \u010duvaju me\u0111u<\/p>\n<div class=\"entry-read-more\"><span class=\"read-more\"><a href=\"https:\/\/rimah.uniri.hr\/?page_id=167\" class=\"more-link\">Read More&nbsp;<i class=\"fas fa-long-arrow-alt-right\"><\/i><\/a><\/span><\/div>\n<p><!-- entry-read-more --><\/p>\n","protected":false},"author":2,"featured_media":0,"parent":0,"menu_order":0,"comment_status":"closed","ping_status":"closed","template":"","meta":{"footnotes":""},"class_list":["post-167","page","type-page","status-publish","hentry"],"_links":{"self":[{"href":"https:\/\/rimah.uniri.hr\/index.php?rest_route=\/wp\/v2\/pages\/167","targetHints":{"allow":["GET"]}}],"collection":[{"href":"https:\/\/rimah.uniri.hr\/index.php?rest_route=\/wp\/v2\/pages"}],"about":[{"href":"https:\/\/rimah.uniri.hr\/index.php?rest_route=\/wp\/v2\/types\/page"}],"author":[{"embeddable":true,"href":"https:\/\/rimah.uniri.hr\/index.php?rest_route=\/wp\/v2\/users\/2"}],"replies":[{"embeddable":true,"href":"https:\/\/rimah.uniri.hr\/index.php?rest_route=%2Fwp%2Fv2%2Fcomments&post=167"}],"version-history":[{"count":14,"href":"https:\/\/rimah.uniri.hr\/index.php?rest_route=\/wp\/v2\/pages\/167\/revisions"}],"predecessor-version":[{"id":1304,"href":"https:\/\/rimah.uniri.hr\/index.php?rest_route=\/wp\/v2\/pages\/167\/revisions\/1304"}],"wp:attachment":[{"href":"https:\/\/rimah.uniri.hr\/index.php?rest_route=%2Fwp%2Fv2%2Fmedia&parent=167"}],"curies":[{"name":"wp","href":"https:\/\/api.w.org\/{rel}","templated":true}]}}