{"id":1389,"date":"2025-10-30T11:01:19","date_gmt":"2025-10-30T11:01:19","guid":{"rendered":"https:\/\/rimah.uniri.hr\/?page_id=1389"},"modified":"2025-10-30T11:01:19","modified_gmt":"2025-10-30T11:01:19","slug":"iz-medija","status":"publish","type":"page","link":"https:\/\/rimah.uniri.hr\/?page_id=1389","title":{"rendered":"Iz medija"},"content":{"rendered":"\n<p><strong>UNESCO<\/strong><\/p>\n\n\n\n<p>Hrvatske nominacije upisane na UNESCO-ov popis Pam\u0107enje svijeta (UNESCO Memory of the World Register): <a href=\"https:\/\/min-kulture.gov.hr\/vijesti-8\/hrvatske-nominacije-upisane-na-unesco-ov-popis-pamcenje-svijeta-unesco-memory-of-the-world-register\/27992\">https:\/\/min-kulture.gov.hr\/vijesti-8\/hrvatske-nominacije-upisane-na-unesco-ov-popis-pamcenje-svijeta-unesco-memory-of-the-world-register\/27992<\/a><\/p>\n\n\n\n<p>Va\u017enost prepoznatljivosti Raba na UNESCO-voj listi posredstvom rukopisa o sv. Marinu: <a href=\"https:\/\/rabdanas.hr\/2025\/05\/26\/vaznost-prepoznatljivosti-raba-na-unesco-voj-listi-posredstvom-rukopisa-o-sv-marinu\/\">https:\/\/rabdanas.hr\/2025\/05\/26\/vaznost-prepoznatljivosti-raba-na-unesco-voj-listi-posredstvom-rukopisa-o-sv-marinu\/<\/a><\/p>\n\n\n\n<p><strong>Sveu\u010dili\u0161te za 3. dob<\/strong><\/p>\n\n\n\n<p>Polaznici Sveu\u010dili\u0161ta za 3. dob obi\u0161li freske i zvjezdarnicu u Istri: <a href=\"https:\/\/www.novilist.hr\/rijeka-regija\/rijeka\/polaznici-sveucilista-za-3-dob-obisli-freske-i-zvjezdarnicu-u-istri\/\">https:\/\/www.novilist.hr\/rijeka-regija\/rijeka\/polaznici-sveucilista-za-3-dob-obisli-freske-i-zvjezdarnicu-u-istri\/<\/a><\/p>\n\n\n\n<p>Zavr\u0161en ciklus Pone\u0161to i o Frankopanima: <a href=\"https:\/\/uniri.hr\/vijesti\/zavrsen-ciklus-ponesto-i-o-frankopanima\/\">https:\/\/uniri.hr\/vijesti\/zavrsen-ciklus-ponesto-i-o-frankopanima\/<\/a><\/p>\n\n\n\n<p><\/p>\n","protected":false},"excerpt":{"rendered":"<p>UNESCO Hrvatske nominacije upisane na UNESCO-ov popis Pam\u0107enje svijeta (UNESCO Memory of the World Register): https:\/\/min-kulture.gov.hr\/vijesti-8\/hrvatske-nominacije-upisane-na-unesco-ov-popis-pamcenje-svijeta-unesco-memory-of-the-world-register\/27992 Va\u017enost prepoznatljivosti Raba na UNESCO-voj listi posredstvom rukopisa o sv. Marinu: https:\/\/rabdanas.hr\/2025\/05\/26\/vaznost-prepoznatljivosti-raba-na-unesco-voj-listi-posredstvom-rukopisa-o-sv-marinu\/ Sveu\u010dili\u0161te za 3. dob Polaznici Sveu\u010dili\u0161ta za 3. dob obi\u0161li freske i zvjezdarnicu u Istri: https:\/\/www.novilist.hr\/rijeka-regija\/rijeka\/polaznici-sveucilista-za-3-dob-obisli-freske-i-zvjezdarnicu-u-istri\/ Zavr\u0161en ciklus Pone\u0161to i o Frankopanima: https:\/\/uniri.hr\/vijesti\/zavrsen-ciklus-ponesto-i-o-frankopanima\/<\/p>\n","protected":false},"author":2,"featured_media":0,"parent":0,"menu_order":0,"comment_status":"closed","ping_status":"closed","template":"","meta":{"footnotes":""},"class_list":["post-1389","page","type-page","status-publish","hentry"],"_links":{"self":[{"href":"https:\/\/rimah.uniri.hr\/index.php?rest_route=\/wp\/v2\/pages\/1389","targetHints":{"allow":["GET"]}}],"collection":[{"href":"https:\/\/rimah.uniri.hr\/index.php?rest_route=\/wp\/v2\/pages"}],"about":[{"href":"https:\/\/rimah.uniri.hr\/index.php?rest_route=\/wp\/v2\/types\/page"}],"author":[{"embeddable":true,"href":"https:\/\/rimah.uniri.hr\/index.php?rest_route=\/wp\/v2\/users\/2"}],"replies":[{"embeddable":true,"href":"https:\/\/rimah.uniri.hr\/index.php?rest_route=%2Fwp%2Fv2%2Fcomments&post=1389"}],"version-history":[{"count":1,"href":"https:\/\/rimah.uniri.hr\/index.php?rest_route=\/wp\/v2\/pages\/1389\/revisions"}],"predecessor-version":[{"id":1390,"href":"https:\/\/rimah.uniri.hr\/index.php?rest_route=\/wp\/v2\/pages\/1389\/revisions\/1390"}],"wp:attachment":[{"href":"https:\/\/rimah.uniri.hr\/index.php?rest_route=%2Fwp%2Fv2%2Fmedia&parent=1389"}],"curies":[{"name":"wp","href":"https:\/\/api.w.org\/{rel}","templated":true}]}}