{"id":132,"date":"2022-07-21T12:49:42","date_gmt":"2022-07-21T12:49:42","guid":{"rendered":"https:\/\/rimah.uniri.hr\/?page_id=132"},"modified":"2024-12-20T12:42:35","modified_gmt":"2024-12-20T12:42:35","slug":"o-nama","status":"publish","type":"page","link":"https:\/\/rimah.uniri.hr\/?page_id=132","title":{"rendered":"O nama"},"content":{"rendered":"\n<pre class=\"wp-block-preformatted has-medium-font-size\"><strong>Voditeljica Centra:<\/strong> <br>izv. prof. dr. sc. Barbara \u0160panjol-Pandelo<br><br><strong>Zamjenica voditeljice Centra:<\/strong> <br>izv. prof. dr. sc. Sa\u0161a Poto\u010dnjak<br><br><strong>Programsko vije\u0107e Centra:<\/strong> <br>izv. prof. dr. sc. Sa\u0161a Poto\u010dnjak <br>izv. prof. dr. sc. Barbara \u0160panjol-Pandelo <br>izv. prof. dr. sc. Kosana Jovanovi\u0107<br><br><strong>Vizija<\/strong> je Centra postati prepoznatljiv znanstveno-istra\u017eiva\u010dki centar u podru\u010dju medievistike, koji je usmjeren na istra\u017eivanje, edukaciju, digitizaciju i digitalizaciju kulturne povijesti, rukopisnih studija (kodikologije, paleografije i fragmentologije), hagiografije i likovnih umjetnosti. <br><br><strong>Misija<\/strong> je Centra istra\u017eivanje materijalne i nematerijalne kulturne ba\u0161tine srednjovjekovnoga Jadrana te rekonstrukcija, o\u010duvanje i za\u0161tita, prezentacija i revalorizacija razli\u010ditim inovativnim metodama i suvremenim tehnologijama srednjovjekovnih (povijesno-kulturno-umjetni\u010dkih i sociolo\u0161kih) fenomena na prostoru Jadrana. Misija je Centra rezultate i aktivnosti znanstveno-istra\u017eiva\u010dkoga rada vi\u0161e podru\u010dja razli\u010ditih povijesnih disciplina povezati s gospodarstvom i lokalnom zajednicom.    <br><br><strong>Ideja<\/strong> je Centra vrhunskim povijesno-humanisti\u010dkim istra\u017eivanjima tzv. horizontalnih tema na prostoru i u dru\u0161tvu srednjovjekovnoga Jadrana (kao \u0161to su rodna ravnopravnost, ljudska prava, dru\u0161tvena odgovornost, identitet itd.) ispitati pro\u0161lost kako bi se kriti\u010dki propitala sada\u0161njost, a za dobrobit gra\u0111ana (u) budu\u0107nosti.<br><br>Me\u0111unarodni znanstveno-istra\u017eiva\u010dki odbor Centra: <em>u izradi<\/em>...<br><br><strong>Suradnici Centra:<\/strong><br>dr. sc. Kosana Jovanovi\u0107<br>dr. sc. Sa\u0161a Poto\u010dnjak<br>dr. sc. Barbara \u0160panjol-Pandelo<br>dr. sc. Petra Predoevi\u0107 Zadkovi\u0107<br><br><\/pre>\n","protected":false},"excerpt":{"rendered":"<p>Voditeljica Centra: izv. prof. dr. sc. Barbara \u0160panjol-PandeloZamjenica voditeljice Centra: izv. prof. dr. sc. Sa\u0161a Poto\u010dnjakProgramsko vije\u0107e Centra: izv. prof. dr. sc. Sa\u0161a Poto\u010dnjak izv. prof. dr. sc. Barbara \u0160panjol-Pandelo izv. prof. dr. sc. Kosana Jovanovi\u0107Vizija je Centra postati prepoznatljiv znanstveno-istra\u017eiva\u010dki centar u podru\u010dju medievistike, koji je usmjeren na istra\u017eivanje, edukaciju, digitizaciju i digitalizaciju kulturne<\/p>\n<div class=\"entry-read-more\"><span class=\"read-more\"><a href=\"https:\/\/rimah.uniri.hr\/?page_id=132\" class=\"more-link\">Read More&nbsp;<i class=\"fas fa-long-arrow-alt-right\"><\/i><\/a><\/span><\/div>\n<p><!-- entry-read-more --><\/p>\n","protected":false},"author":2,"featured_media":0,"parent":0,"menu_order":0,"comment_status":"closed","ping_status":"closed","template":"","meta":{"footnotes":""},"class_list":["post-132","page","type-page","status-publish","hentry"],"_links":{"self":[{"href":"https:\/\/rimah.uniri.hr\/index.php?rest_route=\/wp\/v2\/pages\/132","targetHints":{"allow":["GET"]}}],"collection":[{"href":"https:\/\/rimah.uniri.hr\/index.php?rest_route=\/wp\/v2\/pages"}],"about":[{"href":"https:\/\/rimah.uniri.hr\/index.php?rest_route=\/wp\/v2\/types\/page"}],"author":[{"embeddable":true,"href":"https:\/\/rimah.uniri.hr\/index.php?rest_route=\/wp\/v2\/users\/2"}],"replies":[{"embeddable":true,"href":"https:\/\/rimah.uniri.hr\/index.php?rest_route=%2Fwp%2Fv2%2Fcomments&post=132"}],"version-history":[{"count":14,"href":"https:\/\/rimah.uniri.hr\/index.php?rest_route=\/wp\/v2\/pages\/132\/revisions"}],"predecessor-version":[{"id":1280,"href":"https:\/\/rimah.uniri.hr\/index.php?rest_route=\/wp\/v2\/pages\/132\/revisions\/1280"}],"wp:attachment":[{"href":"https:\/\/rimah.uniri.hr\/index.php?rest_route=%2Fwp%2Fv2%2Fmedia&parent=132"}],"curies":[{"name":"wp","href":"https:\/\/api.w.org\/{rel}","templated":true}]}}